{"id":485,"date":"2023-03-03T12:09:43","date_gmt":"2023-03-03T12:09:43","guid":{"rendered":"https:\/\/resiliencefram.wpengine.com\/prywatnosc-i-pliki-cookie\/"},"modified":"2023-10-09T11:34:19","modified_gmt":"2023-10-09T10:34:19","slug":"prywatnosc-i-pliki-cookie","status":"publish","type":"page","link":"https:\/\/resilienceframework.co.uk\/pl\/prywatnosc-i-pliki-cookie\/","title":{"rendered":"Prywatno\u015b\u0107 i pliki cookie"},"content":{"rendered":"<section id=\"block-content\">\r\n\r\n    <div class=\"container\">\r\n\r\n        <h1>Prywatno\u015b\u0107 i pliki cookie<\/h1>\r\n        <div>\r\n\r\n            <h2>Kim jeste\u015bmy<\/h2>\n<p>Adres naszej strony internetowej to: https:\/\/resilienceframework.com.<\/p>\n<p><strong>Merseyside Youth Association Ltd &#8211; Informacja o ochronie prywatno\u015bci<\/strong><\/p>\n<p><strong>Cel niniejszego zawiadomienia<\/strong><br \/>\nNiniejsza informacja wyja\u015bnia, w jaki spos\u00f3b gromadzimy i wykorzystujemy dane osobowe u\u017cytkownik\u00f3w zgodnie z og\u00f3lnymi przepisami o ochronie danych (RODO).<\/p>\n<p>Prosimy o uwa\u017cne zapoznanie si\u0119 z poni\u017cszymi informacjami, aby zrozumie\u0107 nasze praktyki dotycz\u0105ce danych osobowych u\u017cytkownik\u00f3w i sposobu ich przetwarzania.<\/p>\n<p><strong>Kto gromadzi informacje<\/strong><br \/>\nMerseyside Youth Association Ltd (Sp\u00f3\u0142ka) jest &#8222;administratorem danych&#8221;, kt\u00f3ry gromadzi i wykorzystuje okre\u015blone informacje o u\u017cytkowniku. W niniejszym dokumencie odniesienia do &#8222;my&#8221; lub &#8222;nas&#8221; oznaczaj\u0105 Merseyside Youth Association Ltd. lub Merseyside Youth Association Ltd..<\/p>\n<p><strong>Zasady ochrony danych<\/strong><br \/>\nB\u0119dziemy przestrzega\u0107 zasad ochrony danych podczas gromadzenia i wykorzystywania danych osobowych zgodnie z og\u00f3lnym rozporz\u0105dzeniem o ochronie danych (RODO) i ustaw\u0105 o ochronie danych z 2018 r.<\/p>\n<p><strong>Kategorie informacji, kt\u00f3re gromadzimy, przechowujemy i udost\u0119pniamy.<\/strong><\/p>\n<ul>\n<li>Dane osobowe (takie jak imi\u0119 i nazwisko, adres, numer telefonu, adres e-mail)<\/li>\n<li>Status organizacji charytatywnej i numer rejestracyjny<\/li>\n<li>Numer rejestracyjny sp\u00f3\u0142ki<\/li>\n<li>Szczeg\u00f3\u0142y dotycz\u0105ce banku<\/li>\n<li>Szczeg\u00f3\u0142y dotycz\u0105ce kontakt\u00f3w z u\u017cytkownikiem w zwi\u0105zku ze \u015bwiadczeniem proponowanych us\u0142ug, kt\u00f3re u\u017cytkownik ma otrzyma\u0107<\/li>\n<li>Szczeg\u00f3\u0142owe informacje na temat us\u0142ug \u015bwiadczonych przez firm\u0119 PayPal<\/li>\n<li>Szczeg\u00f3\u0142y korespondencji i komunikacji z u\u017cytkownikiem<\/li>\n<li>Informacje dotycz\u0105ce wszelkich zapyta\u0144 lub skarg skierowanych do nas<\/li>\n<\/ul>\n<p><strong>Jak zbieramy dane osobowe u\u017cytkownik\u00f3w<\/strong><\/p>\n<ul>\n<li>Dane osobowe u\u017cytkownika uzyskujemy na przyk\u0142ad, gdy:<\/li>\n<li>Anga\u017cujemy u\u017cytkownika do \u015bwiadczenia us\u0142ug, a faktury zakupu s\u0105 przedk\u0142adane do zap\u0142aty<\/li>\n<li>U\u017cytkownik kontaktuje si\u0119 z nami za po\u015brednictwem poczty elektronicznej, telefonu lub poczty tradycyjnej (np. w przypadku zapyta\u0144 dotycz\u0105cych us\u0142ug lub p\u0142atno\u015bci).<\/li>\n<li>Od stron trzecich i\/lub z publicznie dost\u0119pnych zasob\u00f3w (na przyk\u0142ad od firm)<\/li>\n<\/ul>\n<p><strong>W jaki spos\u00f3b wykorzystujemy dane osobowe u\u017cytkownika<\/strong><\/p>\n<ul>\n<li>B\u0119dziemy gromadzi\u0107 i przetwarza\u0107 dane osobowe wy\u0142\u0105cznie w celu niezb\u0119dnym do wykonania umowy, kt\u00f3r\u0105 zawarli\u015bmy z u\u017cytkownikiem<\/li>\n<li>Uzyskali\u015bmy zgod\u0119 u\u017cytkownika na wykorzystanie w okre\u015blony spos\u00f3b<\/li>\n<li>W przypadku, gdy jest to konieczne ze wzgl\u0119du na nasze uzasadnione interesy lub interesy strony trzeciej oraz pod warunkiem, \u017ce prawa u\u017cytkownika nie s\u0105 nadrz\u0119dne wobec tych interes\u00f3w. Na przyk\u0142ad cele statystyczne i zarz\u0105dcze, raportowanie do rady powierniczej, obieg rocznych sprawozda\u0144 finansowych sp\u00f3\u0142ki i raportu wp\u0142ywu<\/li>\n<\/ul>\n<p><strong>Przechowywanie danych<\/strong><br \/>\nB\u0119dziemy przechowywa\u0107 dane osobowe tylko tak d\u0142ugo, jak b\u0119dzie to konieczne do realizacji cel\u00f3w, dla kt\u00f3rych je zgromadzili\u015bmy.<\/p>\n<ul>\n<li>Wszystkie informacje w formie papierowej b\u0119d\u0105 przechowywane w zamkni\u0119tej szafce w Merseyside Youth Association Ltd.<\/li>\n<li>Wszystkie informacje elektroniczne b\u0119d\u0105 przechowywane w chronionej has\u0142em bezpiecznej sieci pracowniczej, kt\u00f3rej kopie zapasowe s\u0105 przechowywane w chmurze.<\/li>\n<li>Rekordy s\u0105 przegl\u0105dane tylko przez osoby, kt\u00f3re potrzebuj\u0105 dost\u0119pu do danych osobowych.<\/li>\n<\/ul>\n<p>Ocenimy, jaki okres przechowywania jest odpowiedni dla konkretnych danych osobowych u\u017cytkownika i we\u017amiemy go pod uwag\u0119:<\/p>\n<ul>\n<li>Wymagania naszej dzia\u0142alno\u015bci<\/li>\n<li>Wszelkie zobowi\u0105zania ustawowe i prawne<\/li>\n<li>Cel, dla kt\u00f3rego zebrali\u015bmy dane osobowe<\/li>\n<li>Rodzaje gromadzonych przez nas danych<\/li>\n<\/ul>\n<p><strong>Udost\u0119pnianie danych<\/strong><br \/>\nB\u0119dziemy udost\u0119pnia\u0107 dane osobowe u\u017cytkownika poza Merseyside Youth Association tylko wtedy, gdy b\u0119dzie to konieczne:<\/p>\n<ul>\n<li>Do cel\u00f3w audytu<\/li>\n<li>S\u0105 wymagane przez prawo<\/li>\n<\/ul>\n<p><strong>Prawo do wycofania zgody<\/strong><br \/>\nW ograniczonych okoliczno\u015bciach, w kt\u00f3rych u\u017cytkownik wyrazi\u0142 zgod\u0119 na przetwarzanie swoich danych osobowych w okre\u015blonym celu, ma on prawo do wycofania zgody w dowolnym momencie.<\/p>\n<p>Po otrzymaniu od u\u017cytkownika powiadomienia o wycofaniu zgody nie b\u0119dziemy ju\u017c przetwarza\u0107 jego danych osobowych w celach, na kt\u00f3re u\u017cytkownik wyrazi\u0142 zgod\u0119, chyba \u017ce b\u0119dzie to wymagane przez prawo.<\/p>\n<p><strong>Zmiany w niniejszym zawiadomieniu<\/strong><br \/>\nWszelkie zmiany w niniejszej informacji o ochronie prywatno\u015bci w przysz\u0142o\u015bci b\u0119d\u0105 przekazywane poczt\u0105 elektroniczn\u0105<br \/>\nNiniejsza informacja o ochronie prywatno\u015bci jest datowana na 25 wrze\u015bnia 2019 r.<\/p>\n<p><strong>Kontakt z nami<\/strong><br \/>\nW przypadku jakichkolwiek pyta\u0144 dotycz\u0105cych niniejszego powiadomienia lub ch\u0119ci porozmawiania z nami na temat wykorzystania danych osobowych, prosimy o przes\u0142anie wiadomo\u015bci e-mail na adres <a href=\"mailto:finance@mya.org.uk\" target=\"_blank\" rel=\"noreferrer noopener\">finance@mya.org.uk<\/a>, kt\u00f3ry przeka\u017ce pro\u015bb\u0119 naszemu inspektorowi ochrony danych.<\/p>\n<p>U\u017cytkownik ma r\u00f3wnie\u017c prawo do z\u0142o\u017cenia skargi do Biura Komisarza ds. Informacji (ICO) pod adresem:<br \/>\n<a href=\"https:\/\/ico.org.uk\/make-a-complaint\/\" target=\"_blank\" rel=\"noreferrer noopener\">www.ico.org.uk\/concerns<\/a><br \/>\nTelefon: 0303 123 1113<\/p>\n<p>Lub napisz do: Information Commissioner&#8217;s Office, Wycliffe House, Water Lane, Wilmslow, Cheshire, SK9 5AF<\/p>\n\r\n        <\/div>\r\n\r\n    <\/div>\r\n\r\n<\/section>","protected":false},"excerpt":{"rendered":"","protected":false},"author":1,"featured_media":0,"parent":0,"menu_order":910,"comment_status":"closed","ping_status":"closed","template":"","meta":{"_acf_changed":false,"footnotes":""},"class_list":["post-485","page","type-page","status-publish","hentry"],"acf":[],"_links":{"self":[{"href":"https:\/\/resilienceframework.co.uk\/pl\/wp-json\/wp\/v2\/pages\/485","targetHints":{"allow":["GET"]}}],"collection":[{"href":"https:\/\/resilienceframework.co.uk\/pl\/wp-json\/wp\/v2\/pages"}],"about":[{"href":"https:\/\/resilienceframework.co.uk\/pl\/wp-json\/wp\/v2\/types\/page"}],"author":[{"embeddable":true,"href":"https:\/\/resilienceframework.co.uk\/pl\/wp-json\/wp\/v2\/users\/1"}],"replies":[{"embeddable":true,"href":"https:\/\/resilienceframework.co.uk\/pl\/wp-json\/wp\/v2\/comments?post=485"}],"version-history":[{"count":0,"href":"https:\/\/resilienceframework.co.uk\/pl\/wp-json\/wp\/v2\/pages\/485\/revisions"}],"wp:attachment":[{"href":"https:\/\/resilienceframework.co.uk\/pl\/wp-json\/wp\/v2\/media?parent=485"}],"curies":[{"name":"wp","href":"https:\/\/api.w.org\/{rel}","templated":true}]}}