{"id":483,"date":"2023-03-07T11:22:50","date_gmt":"2023-03-07T11:22:50","guid":{"rendered":"https:\/\/resiliencefram.wpengine.com\/regulamin\/"},"modified":"2023-10-09T11:34:19","modified_gmt":"2023-10-09T10:34:19","slug":"regulamin","status":"publish","type":"page","link":"https:\/\/resilienceframework.co.uk\/pl\/regulamin\/","title":{"rendered":"Regulamin"},"content":{"rendered":"<section id=\"block-content\">\r\n\r\n    <div class=\"container\">\r\n\r\n        <h1>Regulamin<\/h1>\r\n        <div>\r\n\r\n            <h3>Regulamin ram odporno\u015bci<\/h3>\n<p>Dzi\u0119kujemy za odwiedzenie strony internetowej Resilience Framework. Korzystaj\u0105c z witryny, u\u017cytkownik wyra\u017ca zgod\u0119 na niniejsze warunki. Resilience Framework to marka i strona internetowa zarz\u0105dzana przez Merseyside Youth Association, kt\u00f3re zastrzega sobie prawo do zmiany niniejszych warunk\u00f3w w dowolnym momencie poprzez opublikowanie zmian online. Dalsze korzystanie z tej witryny po opublikowaniu zmian oznacza akceptacj\u0119 niniejszej umowy w zmienionej formie.<\/p>\n<h3>O\u015bwiadczenie<\/h3>\n<p>Resilience Framework dostarcza informacji na temat zdrowia psychicznego i odporno\u015bci psychicznej dzieci i m\u0142odzie\u017cy do wykorzystania w celach informacyjnych lub edukacyjnych. Strona internetowa ma na celu dostarczenie jedynie og\u00f3lnych informacji i jako taka nie powinna by\u0107 traktowana jako substytut profesjonalnej porady. Je\u015bli obawiasz si\u0119 o zdrowie psychiczne dziecka lub m\u0142odej osoby, powiniene\u015b skontaktowa\u0107 si\u0119 z pracownikiem s\u0142u\u017cby zdrowia. Je\u015bli dziecko lub m\u0142oda osoba znajduje si\u0119 w bezpo\u015brednim niebezpiecze\u0144stwie, nale\u017cy skontaktowa\u0107 si\u0119 ze s\u0142u\u017cbami ratunkowymi. Resilience Framework ani Merseyside Youth Association nie udzielaj\u0105 porad medycznych w odniesieniu do \u017cadnego indywidualnego przypadku lub pacjenta, ani te\u017c strona internetowa Resilience Framework nie \u015bwiadczy us\u0142ug medycznych lub diagnostycznych.<\/p>\n<p>Je\u015bli jeste\u015b lekarzem lub pracownikiem s\u0142u\u017cby zdrowia, zach\u0119camy do korzystania ze strony Resilience Framework \/ Liverpool CAMHS lub Merseyside Youth Association w celu uzyskania og\u00f3lnych informacji. Nie nale\u017cy jednak polega\u0107 na zawartych tu materia\u0142ach, a my nie ponosimy \u017cadnej odpowiedzialno\u015bci w takim przypadku.<\/p>\n<p>Merseyside Youth Association nie gwarantuje, \u017ce Witryna b\u0119dzie dzia\u0142a\u0107 nieprzerwanie lub b\u0119dzie wolna od b\u0142\u0119d\u00f3w, ani \u017ce Witryna lub korzystanie z niej przez u\u017cytkownika b\u0119dzie wolne od wirus\u00f3w lub szkodliwych materia\u0142\u00f3w. U\u017cytkownik jest odpowiedzialny za zapewnienie, \u017ce jego komputer jest odpowiedni do korzystania z Witryny.<\/p>\n<h3>Korzystanie z witryny Resilience Framework<\/h3>\n<p>U\u017cytkownik zgadza si\u0119 korzysta\u0107 z tej witryny wy\u0142\u0105cznie w celach zgodnych z prawem oraz w spos\u00f3b, kt\u00f3ry nie narusza praw, nie ogranicza ani nie utrudnia korzystania z witryny przez osoby trzecie. Z wyj\u0105tkiem przypadk\u00f3w dozwolonych w niniejszych Warunkach, u\u017cytkownik nie mo\u017ce w \u017caden spos\u00f3b modyfikowa\u0107 Witryny ani robi\u0107 niczego, co mog\u0142oby lub mog\u0142oby uszkodzi\u0107 lub zak\u0142\u00f3ci\u0107 prawid\u0142owe dzia\u0142anie Witryny lub naszego sprz\u0119tu lub oprogramowania.<\/p>\n<h3>Informacje przekazywane nam przez u\u017cytkownika<\/h3>\n<p class=\"no-margin\">Resilience Framework oferuje wyj\u0105tkow\u0105 okazj\u0119 do opracowania w\u0142asnego planu dzia\u0142ania wspieraj\u0105cego rozw\u00f3j rezyliencji u dziecka\/m\u0142odej osoby. Traktujemy te informacje jako poufne i nie sprawdzamy w\u0142asnych plan\u00f3w dzia\u0142ania, chocia\u017c czasami mo\u017cemy pobra\u0107 anonimow\u0105 pr\u00f3bk\u0119, kt\u00f3r\u0105 b\u0119dziemy traktowa\u0107 jako poufn\u0105 i nie przeka\u017cemy jej \u017cadnej stronie trzeciej ani nie nawi\u0105\u017cemy dialogu z osob\u0105, kt\u00f3ra wype\u0142ni\u0142a plan dzia\u0142ania.<\/p>\n<p class=\"no-margin\">U\u017cytkownik zgadza si\u0119, \u017ce wszelkie przekazane nam informacje s\u0105 prawdziwe.<\/p>\n<p>Wszelkie informacje przekazywane nam za po\u015brednictwem Witryny b\u0119d\u0105 traktowane zgodnie z nasz\u0105 Polityk\u0105 prywatno\u015bci.<\/p>\n<h3>Prawa autorskie i monitorowanie<\/h3>\n<p>Zawarto\u015b\u0107 Witryny jest w\u0142asno\u015bci\u0105 Merseyside Youth Association lub os\u00f3b trzecich. \u017badna zawarto\u015b\u0107 Witryny nie mo\u017ce by\u0107 kopiowana, wykorzystywana lub powielana bez naszej pisemnej zgody, z wyj\u0105tkiem przypadk\u00f3w, gdy jest ona wykorzystywana do cel\u00f3w badawczych i niekomercyjnych, gdzie zgoda nie jest wymagana. Prosimy o przesy\u0142anie pisemnych pr\u00f3\u015bb o wykorzystanie tre\u015bci z Witryny <a href=\"mailto:mentalhealthpromotion@mya.org.uk\">mentalhealthpromotion@mya.org.uk<\/a><\/p>\n<h3>Powi\u0105zane strony<\/h3>\n<p>Wchodz\u0105c na jak\u0105kolwiek inn\u0105 stron\u0119 internetow\u0105 za po\u015brednictwem Witryny, u\u017cytkownik rozumie, \u017ce jest ona niezale\u017cna od Merseyside Youth Association i \u017ce nie mamy kontroli nad t\u0105 stron\u0105 internetow\u0105 ani us\u0142ugami oferowanymi za jej po\u015brednictwem.<\/p>\n<h3>Zawarto\u015b\u0107 generowana przez u\u017cytkownik\u00f3w<\/h3>\n<p>Je\u015bli u\u017cytkownik przesy\u0142a jakiekolwiek tre\u015bci do Witryny, zgadza si\u0119 zaakceptowa\u0107 nast\u0119puj\u0105ce zasady obowi\u0105zuj\u0105ce w domu przez ca\u0142y czas:<\/p>\n<ul>\n<li>U\u017cytkownikowi nie wolno publikowa\u0107 ani przesy\u0142a\u0107 \u017cadnych Tre\u015bci ani korzysta\u0107 z Witryny w spos\u00f3b naruszaj\u0105cy jakiekolwiek prawo.<\/li>\n<li>U\u017cytkownikowi nie wolno publikowa\u0107 ani przesy\u0142a\u0107 \u017cadnych Tre\u015bci ani korzysta\u0107 z Witryny w spos\u00f3b obra\u017aliwy, zawieraj\u0105cy gro\u017aby, znies\u0142awiaj\u0105cy, wulgarny, obsceniczny, n\u0119kaj\u0105cy, fa\u0142szywy, wprowadzaj\u0105cy w b\u0142\u0105d lub nierzetelny, lub taki, kt\u00f3ry przynosi lub mo\u017ce przynie\u015b\u0107 ujm\u0119 Witrynie, <strong>Resilience Framework lub Merseyside Youth<\/strong> Association.<\/li>\n<li>U\u017cytkownik zgadza si\u0119 nie zamieszcza\u0107 tre\u015bci, kt\u00f3re naruszaj\u0105 prawa innych u\u017cytkownik\u00f3w, organizacji lub os\u00f3b (w tym prawa do prywatno\u015bci lub wizerunku).<\/li>\n<li>Merseyside Youth Association stosuje polityk\u0119 moderacji reaktywnej. Merseyside Youth Association nie ponosi odpowiedzialno\u015bci za jakiekolwiek Tre\u015bci, ale zastrzega sobie prawo do ich usuwania\/edycji w dowolnym momencie.<\/li>\n<li>U\u017cytkownik ponosi ca\u0142kowit\u0105 odpowiedzialno\u015b\u0107 za wszystkie Tre\u015bci publikowane przez niego w Witrynie oraz za materia\u0142y (w tym mi\u0119dzy innymi wiadomo\u015bci e-mail) wysy\u0142ane przez niego w zwi\u0105zku z Witryn\u0105.<\/li>\n<li>Prosimy o niezw\u0142oczne powiadomienie nas poprzez kontakt pod adresem <a href=\"mailto:mentalhealthpromotion@mya.org.uk\">mentalhealthpromotion@mya.org.uk<\/a>, je\u015bli kt\u00f3rakolwiek z tych zasad zostanie naruszona przez u\u017cytkownika lub innych u\u017cytkownik\u00f3w, lub je\u015bli u\u017cytkownik ma jakiekolwiek w\u0105tpliwo\u015bci dotycz\u0105ce materia\u0142\u00f3w zamieszczonych w Witrynie.<\/li>\n<li>Korzystanie z dost\u0119pu do Witryny w celu wysy\u0142ania niechcianych masowych wiadomo\u015bci e-mail lub spamu jest zabronione.<\/li>\n<li>Merseyside Youth Association zastrzega sobie prawo do natychmiastowego zawieszenia lub zako\u0144czenia dost\u0119pu u\u017cytkownika do Witryny w dowolnym momencie.<\/li>\n<li>Wszelkie Tre\u015bci zamieszczane przez u\u017cytkownika w Witrynie mog\u0105 by\u0107 wykorzystywane przez Merseyside Youth Association w dowolnym celu, zgodnie z nasz\u0105 Polityk\u0105 prywatno\u015bci.<\/li>\n<li>Je\u015bli dost\u0119p u\u017cytkownika do Witryny zostanie zako\u0144czony lub zawieszony z jakiegokolwiek powodu, u\u017cytkownik nie mo\u017ce uzyskiwa\u0107 dost\u0119pu do Witryny ani \u017cadnej innej witryny Merseyside Youth Association bez naszej uprzedniej zgody.<\/li>\n<\/ul>\n<p>Merseyside Youth Association jest zarejestrowan\u0105 organizacj\u0105 charytatywn\u0105 w Anglii i Walii (numer 700738) oraz sp\u00f3\u0142k\u0105 z ograniczon\u0105 odpowiedzialno\u015bci\u0105 zarejestrowan\u0105 w Anglii pod numerem 1843226 pod adresem Merseyside Youth Association 65-67 Hanover Street, Liverpool L1 3DY.<\/p>\n\r\n        <\/div>\r\n\r\n    <\/div>\r\n\r\n<\/section>","protected":false},"excerpt":{"rendered":"","protected":false},"author":1,"featured_media":0,"parent":0,"menu_order":920,"comment_status":"closed","ping_status":"closed","template":"","meta":{"_acf_changed":false,"footnotes":""},"class_list":["post-483","page","type-page","status-publish","hentry"],"acf":[],"_links":{"self":[{"href":"https:\/\/resilienceframework.co.uk\/pl\/wp-json\/wp\/v2\/pages\/483","targetHints":{"allow":["GET"]}}],"collection":[{"href":"https:\/\/resilienceframework.co.uk\/pl\/wp-json\/wp\/v2\/pages"}],"about":[{"href":"https:\/\/resilienceframework.co.uk\/pl\/wp-json\/wp\/v2\/types\/page"}],"author":[{"embeddable":true,"href":"https:\/\/resilienceframework.co.uk\/pl\/wp-json\/wp\/v2\/users\/1"}],"replies":[{"embeddable":true,"href":"https:\/\/resilienceframework.co.uk\/pl\/wp-json\/wp\/v2\/comments?post=483"}],"version-history":[{"count":0,"href":"https:\/\/resilienceframework.co.uk\/pl\/wp-json\/wp\/v2\/pages\/483\/revisions"}],"wp:attachment":[{"href":"https:\/\/resilienceframework.co.uk\/pl\/wp-json\/wp\/v2\/media?parent=483"}],"curies":[{"name":"wp","href":"https:\/\/api.w.org\/{rel}","templated":true}]}}