{"id":472,"date":"2023-03-07T12:08:44","date_gmt":"2023-03-07T12:08:44","guid":{"rendered":"https:\/\/resiliencefram.wpengine.com\/szkoly\/"},"modified":"2023-10-09T11:34:25","modified_gmt":"2023-10-09T10:34:25","slug":"szkoly","status":"publish","type":"page","link":"https:\/\/resilienceframework.co.uk\/pl\/szkoly\/","title":{"rendered":"Szko\u0142y"},"content":{"rendered":"<section id=\"login-register\">\r\n\r\n    <div class=\"container\">\r\n\r\n        <div class=\"login-register-intro\"><h1 class=\"has-icon colour-1\">Czym s\u0105 ramy odporno\u015bci szk\u00f3\u0142?<img decoding=\"async\" src=\"https:\/\/resilienceframework.co.uk\/wp-content\/uploads\/2023\/03\/homepage-2-schools-1.svg\" alt=\"\" class=\"icon\" \/><\/h1><h4>Resilience Wall Framework zosta\u0142 zaprojektowany, aby pom\u00f3c pracownikom szko\u0142y w przyj\u0119ciu ca\u0142o\u015bciowego podej\u015bcia do promowania i budowania rezyliencji w szko\u0142ach. Pracuj\u0105c w oparciu o te ramy, pracownicy mog\u0105 przeanalizowa\u0107 r\u00f3\u017cne aspekty codziennych operacji szko\u0142y i d\u0142ugoterminowych podej\u015b\u0107 &#8211; przez pryzmat odporno\u015bci.<\/h4>\n<p>Mo\u017ce by\u0107 stosowany w po\u0142\u0105czeniu z<a href=\"https:\/\/resilienceframework.co.uk\/families\/\" target=\"_blank\" rel=\"noopener\"> Ramami Od<\/a> <a href=\"https:\/\/resilienceframework.co.uk\/children-young-people\/\" target=\"_blank\" rel=\"noopener\">porno\u015bci Dzieci i<\/a> M\u0142odzie\u017cy; pracuj\u0105c z nimi indywidualnie w celu budowania ich odporno\u015bci lub z<a href=\"https:\/\/resilienceframework.co.uk\/families\/\" target=\"_blank\" rel=\"noopener\"> Ramami Odporno\u015bci Rodzin<\/a>.<\/p>\n<p>&nbsp;<\/p>\n<p><a class=\"btn\" href=\"https:\/\/resilienceframework.co.uk\/about\/schools\/\">Podr\u0119cznik u\u017cytkownika<\/a><\/p>\n<\/div>\r\n        <ul>\r\n\r\n            <li>\r\n                \r\n<form action=\"https:\/\/resilienceframework.co.uk\/wp-login.php?wpe-login=true\" method=\"post\">\r\n\r\n    <div>\r\n\r\n        <h2>Logowanie<\/h2>\r\n\r\n        <p class=\"login-username\">\r\n            <label for=\"my-user\">Adres e-mail<\/label>\r\n            <input type=\"text\" name=\"log\" id=\"my-user\" class=\"input\" value=\"\" size=\"20\" >\r\n        <\/p>\r\n\r\n        <p class=\"login-password\">\r\n            <label for=\"my-pass\">Has\u0142o<\/label>\r\n            <input type=\"password\" name=\"pwd\" id=\"my-pass\" class=\"input\" value=\"\" size=\"20\" >\r\n        <\/p>\r\n\r\n        \r\n        <p class=\"login-forgot\"><a href=\"https:\/\/resilienceframework.co.uk\/lost-password\">Zapomnia\u0142e\u015b has\u0142a?<\/a><\/p>\r\n\r\n    <\/div>\r\n\r\n    <p class=\"login-submit clearfix\">\r\n        <input type=\"submit\" name=\"wp-submit\" id=\"my-submit-login\" value=\"Logowanie\" class=\"btn\">\r\n        <input type=\"hidden\" name=\"redirect_to\" value=\"https:\/\/resilienceframework.co.uk\/pl\/szkoly\/\">\r\n    <\/p>\r\n\r\n<\/form>            <\/li>\r\n\r\n            <li>\r\n                \r\n\r\n<form action=\"https:\/\/resilienceframework.co.uk\/pl\/szkoly\/\" method=\"post\">\r\n\r\n   <input type=\"hidden\" name=\"redirect_to\" value=\"https:\/\/resilienceframework.co.uk\/pl\/\/wall?cat=38\">\r\n\r\n   <div>\r\n\r\n      <h2>Zarejestruj si\u0119<\/h2>\r\n   \r\n      <p class=\"register-email\">\r\n         <label for=\"user_email\">Adres e-mail<\/label>\r\n         <input type=\"text\" name=\"user_email\" id=\"user_email\" class=\"input\" value=\"\" \/>\r\n               <\/p>\r\n      \r\n      <p class=\"register-password\">\r\n         <label for=\"user_password\">Has\u0142o<\/label>\r\n         <input type=\"password\" name=\"user_password\" id=\"user_password\" class=\"input\" \/>\r\n               <\/p>\r\n\r\n      <p class=\"register-confirm-password\">\r\n         <label for=\"user_confirm_password\">Potwierd\u017a has\u0142o<\/label>\r\n         <input type=\"password\" name=\"user_confirm_password\" id=\"user_confirm_password\" class=\"input\" \/>\r\n               <\/p>\r\n\r\n      \r\n            <p class=\"register-postcode\">\r\n         <label for=\"user_postcode\">Kod pocztowy szko\u0142y<\/label>\r\n         <input type=\"text\" name=\"user_postcode\" id=\"user_postcode\" class=\"input\" value=\"\" \/>\r\n               <\/p>\r\n\r\n               <p class=\"register-school\">\r\n            <label for=\"user_school\">Nazwa szko\u0142y<\/label>\r\n            <input type=\"text\" name=\"user_school\" id=\"user_school\" class=\"input\" value=\"\" \/>\r\n                     <\/p>\r\n      \r\n      <p class=\"register-accept form-checkbox\">\r\n         <input type=\"checkbox\" name=\"user_accept\" id=\"user_accept\"  \/>\r\n                  <label for=\"user_accept\">Rejestruj\u0105c si\u0119, u\u017cytkownik potwierdza, \u017ce zapozna\u0142 si\u0119 z <a href=\"https:\/\/resilienceframework.co.uk\/pl\/regulamin\/\">Zasady i warunki<\/a><\/label>\r\n               <\/p>\r\n\r\n   <\/div>\r\n\r\n   <p class=\"clearfix\">\r\n      <input type=\"submit\" name=\"register_submit\" value=\"Zarejestruj si\u0119\" class=\"btn\" \/>\r\n   <\/p>\r\n\r\n<\/form>\r\n            <\/li>\r\n\r\n            <li>\r\n                <div>\r\n                    <h2>Wpis go\u015bcinny<\/h2>\r\n                    <p>Wy\u015bwietl struktur\u0119 Resilience bez zapisywania zmian. Zaloguj si\u0119 lub zarejestruj, aby zapisa\u0107 zmiany i powr\u00f3ci\u0107 do swojej \u015bciany.<\/p>\r\n                    <p><a href=\"https:\/\/resilienceframework.co.uk\/pl\/\/wall?cat=38\" class=\"btn\">Wpis go\u015bcinny<\/a><\/p>                <\/div>\r\n            <\/li>\r\n\r\n        <\/ul>\r\n\r\n    <\/div>\r\n\r\n<\/section>","protected":false},"excerpt":{"rendered":"","protected":false},"author":1,"featured_media":0,"parent":0,"menu_order":20,"comment_status":"closed","ping_status":"closed","template":"","meta":{"_acf_changed":false,"footnotes":""},"class_list":["post-472","page","type-page","status-publish","hentry"],"acf":[],"_links":{"self":[{"href":"https:\/\/resilienceframework.co.uk\/pl\/wp-json\/wp\/v2\/pages\/472","targetHints":{"allow":["GET"]}}],"collection":[{"href":"https:\/\/resilienceframework.co.uk\/pl\/wp-json\/wp\/v2\/pages"}],"about":[{"href":"https:\/\/resilienceframework.co.uk\/pl\/wp-json\/wp\/v2\/types\/page"}],"author":[{"embeddable":true,"href":"https:\/\/resilienceframework.co.uk\/pl\/wp-json\/wp\/v2\/users\/1"}],"replies":[{"embeddable":true,"href":"https:\/\/resilienceframework.co.uk\/pl\/wp-json\/wp\/v2\/comments?post=472"}],"version-history":[{"count":0,"href":"https:\/\/resilienceframework.co.uk\/pl\/wp-json\/wp\/v2\/pages\/472\/revisions"}],"wp:attachment":[{"href":"https:\/\/resilienceframework.co.uk\/pl\/wp-json\/wp\/v2\/media?parent=472"}],"curies":[{"name":"wp","href":"https:\/\/api.w.org\/{rel}","templated":true}]}}