{"id":465,"date":"2023-06-12T10:58:43","date_gmt":"2023-06-12T09:58:43","guid":{"rendered":"https:\/\/resiliencefram.wpengine.com\/o-stronie\/szkoly\/"},"modified":"2023-10-09T11:34:25","modified_gmt":"2023-10-09T10:34:25","slug":"szkoly","status":"publish","type":"page","link":"https:\/\/resilienceframework.co.uk\/pl\/o-stronie\/szkoly\/","title":{"rendered":"Szko\u0142y"},"content":{"rendered":"<section id=\"block-content\">\r\n\r\n    <div class=\"container\">\r\n\r\n        <h1 class=\"has-icon\"><img decoding=\"async\" src=\"https:\/\/resilienceframework.co.uk\/wp-content\/uploads\/2023\/03\/homepage-2-schools-1.svg\" alt=\"Podr\u0119cznik u\u017cytkownika dla szk\u00f3\u0142  \" \/>Podr\u0119cznik u\u017cytkownika dla szk\u00f3\u0142  <\/h1>\r\n        <div>\r\n\r\n            <p><strong>Witamy na stronie School Resilience Wall Framework.<\/strong><\/p>\n<p>Ta wersja ramy resilience wall zosta\u0142a zaprojektowana, aby pom\u00f3c pracownikom szko\u0142y w przyj\u0119ciu podej\u015bcia obejmuj\u0105cego ca\u0142\u0105 szko\u0142\u0119 do promowania i budowania odporno\u015bci w szko\u0142ach. Pracuj\u0105c w oparciu o te ramy, pracownicy mog\u0105 przeanalizowa\u0107 r\u00f3\u017cne aspekty codziennych operacji szko\u0142y i d\u0142ugoterminowych podej\u015b\u0107 &#8211; przez pryzmat odporno\u015bci.<\/p>\n<p>Mo\u017ce by\u0107 stosowany w po\u0142\u0105czeniu z<a href=\"https:\/\/resilienceframework.co.uk\/families\/\" target=\"_blank\" rel=\"noopener\"> Ramami Od<\/a> <a href=\"https:\/\/resilienceframework.co.uk\/children-young-people\/\" target=\"_blank\" rel=\"noopener\">porno\u015bci Dzieci i<\/a> M\u0142odzie\u017cy; pracuj\u0105c z nimi indywidualnie w celu budowania ich odporno\u015bci lub z<a href=\"https:\/\/resilienceframework.co.uk\/families\/\" target=\"_blank\" rel=\"noopener\"> Ramami Odporno\u015bci Rodzin<\/a>.<\/p>\n<p><b>Jak korzysta\u0107 z ram School Resilience Wall?<\/b><\/p>\n<p><b>KROKI<\/b><\/p>\n<p><span style=\"font-weight: 400;\">1. Z narz\u0119dzia mo\u017cna korzysta\u0107 jako go\u015b\u0107 lub zarejestrowa\u0107 si\u0119 i utworzy\u0107 nazw\u0119 u\u017cytkownika oraz has\u0142o.<\/span><\/p>\n<p><img loading=\"lazy\" decoding=\"async\" class=\"wp-image-610 size-large aligncenter\" src=\"https:\/\/resilienceframework.co.uk\/wp-content\/uploads\/2023\/09\/polish-whatis-1024x511.png\" alt=\"\" width=\"1024\" height=\"513\"><\/p>\n<hr>\n<p><span style=\"font-weight: 400;\">2. Utworzenie nazwy u\u017cytkownika pozwoli ci zapisa\u0107 swoje \u015bciany odporno\u015bci, dodawa\u0107 do nich w przysz\u0142o\u015bci i u\u017cywa\u0107 ich do por\u00f3wnywania post\u0119p\u00f3w i aktualizacji. Je\u015bli korzystasz z narz\u0119dzia jako go\u015b\u0107, nie b\u0119dziesz m\u00f3g\u0142 zapisa\u0107 swoich \u015bcian.<\/span><\/p>\n<p><img loading=\"lazy\" decoding=\"async\" class=\"wp-image-616 size-large aligncenter\" src=\"https:\/\/resilienceframework.co.uk\/wp-content\/uploads\/2023\/10\/polish-register-1024x502.png\" alt=\"\" width=\"1024\" height=\"599\"><\/p>\n<hr>\n<p><span style=\"font-weight: 400;\">3. Po zalogowaniu zostaniesz przeniesiony na stron\u0119 Moje \u015bciany. Kliknij przycisk, aby utworzy\u0107 swoj\u0105 \u015bcian\u0119 odporno\u015bci.<\/span><\/p>\n<p><img loading=\"lazy\" decoding=\"async\" class=\"aligncenter wp-image-1298 size-large\" src=\"https:\/\/resilienceframework.co.uk\/wp-content\/uploads\/2023\/09\/schools-no-wall-1024x268.png\" alt=\"\" width=\"1024\" height=\"268\" srcset=\"https:\/\/resilienceframework.co.uk\/wp-content\/uploads\/2023\/09\/schools-no-wall-1024x268.png 1024w, https:\/\/resilienceframework.co.uk\/wp-content\/uploads\/2023\/09\/schools-no-wall-300x78.png 300w, https:\/\/resilienceframework.co.uk\/wp-content\/uploads\/2023\/09\/schools-no-wall-768x201.png 768w, https:\/\/resilienceframework.co.uk\/wp-content\/uploads\/2023\/09\/schools-no-wall-1536x402.png 1536w, https:\/\/resilienceframework.co.uk\/wp-content\/uploads\/2023\/09\/schools-no-wall.png 1656w\" sizes=\"auto, (max-width: 1024px) 100vw, 1024px\" \/><\/p>\n<p>4. Nast\u0119pnie zostaniesz przeniesiony do Resilience Wall Framework.<\/p>\n<p>&nbsp;<\/p>\n<p><img loading=\"lazy\" decoding=\"async\" class=\"wp-image-618 size-large aligncenter\" src=\"https:\/\/resilienceframework.co.uk\/wp-content\/uploads\/2023\/10\/polish-framework-1024x602.png\" alt=\"\" width=\"1024\" height=\"557\"><\/p>\n<hr>\n<p><span style=\"font-weight: 400;\">5. Tutaj mo\u017cesz rozpocz\u0105\u0107 prac\u0119 nad \u015bcian\u0105 odporno\u015bci, ceg\u0142a po cegle.  <\/span><\/p>\n<p><span style=\"font-weight: 400;\">Klikni\u0119cie ka\u017cdego pola spowoduje otwarcie nowej strony wy\u015bwietlaj\u0105cej r\u00f3\u017cne elementy tej cz\u0119\u015bci struktury.<\/span><\/p>\n<p><img loading=\"lazy\" decoding=\"async\" class=\"size-large wp-image-620 aligncenter\" src=\"https:\/\/resilienceframework.co.uk\/wp-content\/uploads\/2023\/08\/Screenshot-2023-06-14-111741-1024x555.png\" alt=\"\" width=\"1024\" height=\"555\" srcset=\"https:\/\/resilienceframework.co.uk\/wp-content\/uploads\/2023\/08\/Screenshot-2023-06-14-111741-1024x555.png 1024w, https:\/\/resilienceframework.co.uk\/wp-content\/uploads\/2023\/08\/Screenshot-2023-06-14-111741-300x163.png 300w, https:\/\/resilienceframework.co.uk\/wp-content\/uploads\/2023\/08\/Screenshot-2023-06-14-111741-768x416.png 768w, https:\/\/resilienceframework.co.uk\/wp-content\/uploads\/2023\/08\/Screenshot-2023-06-14-111741.png 1336w\" sizes=\"auto, (max-width: 1024px) 100vw, 1024px\" \/><\/p>\n<hr>\n<p><span style=\"font-weight: 400;\">6. Wybierz element, kt\u00f3ry chcesz sprawdzi\u0107 i kliknij pole wyboru. Ka\u017cd\u0105 sekcj\u0119 mo\u017cna przerabia\u0107 we w\u0142asnym tempie i w dowolnej kolejno\u015bci.  <\/span><\/p>\n<p><span style=\"font-weight: 400;\">Zobaczysz teraz seri\u0119 sugestii i punkt\u00f3w do rozwa\u017cenia, kt\u00f3re pomog\u0105 Ci zweryfikowa\u0107 podej\u015bcie szko\u0142y do odporno\u015bci w odniesieniu do tego konkretnego aspektu \u015bciany.<\/span><\/p>\n<p><img loading=\"lazy\" decoding=\"async\" class=\"size-large wp-image-624 alignleft\" src=\"https:\/\/resilienceframework.co.uk\/wp-content\/uploads\/2023\/08\/Screenshot-2023-06-14-111942-1024x525.png\" alt=\"\" width=\"1024\" height=\"525\" srcset=\"https:\/\/resilienceframework.co.uk\/wp-content\/uploads\/2023\/08\/Screenshot-2023-06-14-111942-1024x525.png 1024w, https:\/\/resilienceframework.co.uk\/wp-content\/uploads\/2023\/08\/Screenshot-2023-06-14-111942-300x154.png 300w, https:\/\/resilienceframework.co.uk\/wp-content\/uploads\/2023\/08\/Screenshot-2023-06-14-111942-768x393.png 768w, https:\/\/resilienceframework.co.uk\/wp-content\/uploads\/2023\/08\/Screenshot-2023-06-14-111942.png 1335w\" sizes=\"auto, (max-width: 1024px) 100vw, 1024px\" \/><\/p>\n<hr>\n<p><span style=\"font-weight: 400;\">7. Ta strona zawiera r\u00f3wnie\u017c przydatne linki i zasoby.<\/span><\/p>\n<p><span style=\"font-weight: 400;\">Klikaj\u0105c na stron\u0119 notatek, zobaczysz seri\u0119 podpowiedzi zaprojektowanych, aby pom\u00f3c ci w rejestrowaniu dzia\u0142a\u0144 i krok\u00f3w, kt\u00f3re zamierzasz podj\u0105\u0107 w zwi\u0105zku ze wzmocnieniem odporno\u015bci szko\u0142y w tym obszarze. <\/span><\/p>\n<p><img loading=\"lazy\" decoding=\"async\" class=\"size-large wp-image-627 aligncenter\" src=\"https:\/\/resilienceframework.co.uk\/wp-content\/uploads\/2023\/10\/polish-notes-1024x563.png\" alt=\"\" width=\"1024\" height=\"638\"><\/p>\n<p>&nbsp;<\/p>\n<p><span style=\"font-weight: 400;\">Status mo\u017cna r\u00f3wnie\u017c okre\u015bli\u0107, klikaj\u0105c odpowiedni przycisk. Wyb\u00f3r zostanie zapisany automatycznie.  <\/span><\/p>\n<p><img loading=\"lazy\" decoding=\"async\" class=\"size-full wp-image-629 aligncenter\" src=\"https:\/\/resilienceframework.co.uk\/wp-content\/uploads\/2023\/10\/polish-status.png\" alt=\"\" width=\"396\" height=\"256\"><\/p>\n<p><span style=\"font-weight: 400;\">Notatki sporz\u0105dzone w ka\u017cdej sekcji utworz\u0105 og\u00f3lny plan dzia\u0142ania.  <\/span><\/p>\n<p>Mo\u017cesz pracowa\u0107 nad swoj\u0105 \u015bcian\u0105 odporno\u015bci we w\u0142asnym tempie.  <strong>Dodane notatki zostan\u0105 zapisane automatycznie, ale mo\u017cna do nich wr\u00f3ci\u0107 i je edytowa\u0107.<\/strong><\/p>\n<p>8. Mo\u017cesz powr\u00f3ci\u0107 do swojej \u015bciany odporno\u015bci i kontynuowa\u0107 post\u0119py, klikaj\u0105c zak\u0142adk\u0119 <strong>&#8222;Moje \u015bciany&#8221;<\/strong>.<\/p>\n<p>W tej sekcji b\u0119dziesz m\u00f3g\u0142 przegl\u0105da\u0107 swoje \u015bciany.<\/p>\n<p><img loading=\"lazy\" decoding=\"async\" class=\"aligncenter wp-image-1262 size-large\" src=\"https:\/\/resilienceframework.co.uk\/wp-content\/uploads\/2023\/09\/schools-wall-1024x276.png\" alt=\"\" width=\"1024\" height=\"276\" srcset=\"https:\/\/resilienceframework.co.uk\/wp-content\/uploads\/2023\/09\/schools-wall-1024x276.png 1024w, https:\/\/resilienceframework.co.uk\/wp-content\/uploads\/2023\/09\/schools-wall-300x81.png 300w, https:\/\/resilienceframework.co.uk\/wp-content\/uploads\/2023\/09\/schools-wall-768x207.png 768w, https:\/\/resilienceframework.co.uk\/wp-content\/uploads\/2023\/09\/schools-wall.png 1308w\" sizes=\"auto, (max-width: 1024px) 100vw, 1024px\" \/><\/p>\n<p>Aby zmieni\u0107 nazw\u0119 \u015bciany, mo\u017cesz klikn\u0105\u0107 ikon\u0119 o\u0142\u00f3wka.<\/p>\n<p>Aby kontynuowa\u0107 prac\u0119 lub edytowa\u0107 \u015bcian\u0119, kliknij ikon\u0119 oka lub nazw\u0119 \u015bciany.<\/p>\n<p>Je\u015bli chcesz utworzy\u0107 now\u0105 \u015bcian\u0119, kliknij przycisk, aby rozpocz\u0105\u0107.<\/p>\n<hr>\n<h4><strong>Pobieranie \u015bciany odporno\u015bci<\/strong><\/h4>\n<p>Twoja \u015bciana odporno\u015bci jest dost\u0119pna online, ale je\u015bli chcesz j\u0105 pobra\u0107 i wydrukowa\u0107 kopi\u0119, po prostu kliknij &#8222;Pobierz PDF&#8221;, kt\u00f3ry znajdziesz na dole ka\u017cdej strony.<\/p>\n<p>Mo\u017cesz utworzy\u0107 plik PDF z pojedynczymi ceg\u0142ami, wybranymi sekcjami lub ca\u0142\u0105 spr\u0119\u017cyst\u0105 \u015bcian\u0105.<\/p>\n<p>Je\u015bli sporz\u0105dzisz notatki, b\u0119d\u0105 one wy\u015bwietlane tylko w plikach PDF z poszczeg\u00f3lnymi ceg\u0142ami, a nie w sekcjach lub ca\u0142ej \u015bcianie odporno\u015bci.<\/p>\n<p>&nbsp;<\/p>\n<p>&nbsp;<\/p>\n<p>&nbsp;<\/p>\n<p>&nbsp;<\/p>\n<p>&nbsp;<\/p>\n\r\n        <\/div>\r\n\r\n    <\/div>\r\n\r\n<\/section>","protected":false},"excerpt":{"rendered":"","protected":false},"author":12,"featured_media":0,"parent":457,"menu_order":0,"comment_status":"closed","ping_status":"closed","template":"","meta":{"_acf_changed":false,"footnotes":""},"class_list":["post-465","page","type-page","status-publish","hentry"],"acf":[],"_links":{"self":[{"href":"https:\/\/resilienceframework.co.uk\/pl\/wp-json\/wp\/v2\/pages\/465","targetHints":{"allow":["GET"]}}],"collection":[{"href":"https:\/\/resilienceframework.co.uk\/pl\/wp-json\/wp\/v2\/pages"}],"about":[{"href":"https:\/\/resilienceframework.co.uk\/pl\/wp-json\/wp\/v2\/types\/page"}],"author":[{"embeddable":true,"href":"https:\/\/resilienceframework.co.uk\/pl\/wp-json\/wp\/v2\/users\/12"}],"replies":[{"embeddable":true,"href":"https:\/\/resilienceframework.co.uk\/pl\/wp-json\/wp\/v2\/comments?post=465"}],"version-history":[{"count":0,"href":"https:\/\/resilienceframework.co.uk\/pl\/wp-json\/wp\/v2\/pages\/465\/revisions"}],"up":[{"embeddable":true,"href":"https:\/\/resilienceframework.co.uk\/pl\/wp-json\/wp\/v2\/pages\/457"}],"wp:attachment":[{"href":"https:\/\/resilienceframework.co.uk\/pl\/wp-json\/wp\/v2\/media?parent=465"}],"curies":[{"name":"wp","href":"https:\/\/api.w.org\/{rel}","templated":true}]}}