{"id":464,"date":"2023-03-07T12:09:09","date_gmt":"2023-03-07T12:09:09","guid":{"rendered":"https:\/\/resiliencefram.wpengine.com\/rodziny\/"},"modified":"2023-11-07T16:43:42","modified_gmt":"2023-11-07T16:43:42","slug":"rodziny","status":"publish","type":"page","link":"https:\/\/resilienceframework.co.uk\/pl\/rodziny\/","title":{"rendered":"Rodziny"},"content":{"rendered":"<section id=\"login-register\">\r\n\r\n    <div class=\"container\">\r\n\r\n        <div class=\"login-register-intro\"><h1 class=\"has-icon colour-1\">Czym s\u0105 ramy odporno\u015bci rodzin?<img decoding=\"async\" src=\"https:\/\/resilienceframework.co.uk\/wp-content\/uploads\/2023\/03\/homepage-3-families.svg\" alt=\"\" class=\"icon\" \/><\/h1><h4 style=\"text-align: left;\">Ramy te mog\u0105 by\u0107 stosowane w po\u0142\u0105czeniu z <a href=\"https:\/\/resiliencefdev.wpenginepowered.com\/children-young-people\/\" target=\"_blank\" rel=\"noopener\">ramami odporno\u015bci dzieci i m\u0142odzie\u017cy<\/a>; indywidualna wsp\u00f3\u0142praca z nimi w celu budowania ich odporno\u015bci lub <a href=\"https:\/\/resiliencefdev.wpenginepowered.com\/schools\/\" target=\"_blank\" rel=\"noopener\">ramy odporno\u015bci szk\u00f3\u0142<\/a>; Praca nad og\u00f3lnoszkolnym podej\u015bciem do odporno\u015bci.<\/h4>\n<p>&nbsp;<\/p>\n<p><a class=\"btn\" href=\"https:\/\/resilienceframework.co.uk\/about\/families\/why-is-resilience-important-to-families\/\">Dlaczego odporno\u015b\u0107 jest wa\u017cna dla rodzin?<\/a><\/p>\n<p>&nbsp;<\/p>\n<p><a class=\"btn\" href=\"https:\/\/resilienceframework.co.uk\/pl\/o-stronie\/rodziny\/\">Podr\u0119cznik u\u017cytkownika<\/a><\/p>\n<\/div>\r\n        <ul>\r\n\r\n            <li>\r\n                \r\n<form action=\"https:\/\/resilienceframework.co.uk\/wp-login.php?wpe-login=true\" method=\"post\">\r\n\r\n    <div>\r\n\r\n        <h2>Logowanie<\/h2>\r\n\r\n        <p class=\"login-username\">\r\n            <label for=\"my-user\">Adres e-mail<\/label>\r\n            <input type=\"text\" name=\"log\" id=\"my-user\" class=\"input\" value=\"\" size=\"20\" >\r\n        <\/p>\r\n\r\n        <p class=\"login-password\">\r\n            <label for=\"my-pass\">Has\u0142o<\/label>\r\n            <input type=\"password\" name=\"pwd\" id=\"my-pass\" class=\"input\" value=\"\" size=\"20\" >\r\n        <\/p>\r\n\r\n        \r\n        <p class=\"login-forgot\"><a href=\"https:\/\/resilienceframework.co.uk\/lost-password\">Zapomnia\u0142e\u015b has\u0142a?<\/a><\/p>\r\n\r\n    <\/div>\r\n\r\n    <p class=\"login-submit clearfix\">\r\n        <input type=\"submit\" name=\"wp-submit\" id=\"my-submit-login\" value=\"Logowanie\" class=\"btn\">\r\n        <input type=\"hidden\" name=\"redirect_to\" value=\"https:\/\/resilienceframework.co.uk\/pl\/rodziny\/\">\r\n    <\/p>\r\n\r\n<\/form>            <\/li>\r\n\r\n            <li>\r\n                \r\n\r\n<form action=\"https:\/\/resilienceframework.co.uk\/pl\/rodziny\/\" method=\"post\">\r\n\r\n   <input type=\"hidden\" name=\"redirect_to\" value=\"https:\/\/resilienceframework.co.uk\/pl\/\/wall?cat=53\">\r\n\r\n   <div>\r\n\r\n      <h2>Zarejestruj si\u0119<\/h2>\r\n   \r\n      <p class=\"register-email\">\r\n         <label for=\"user_email\">Adres e-mail<\/label>\r\n         <input type=\"text\" name=\"user_email\" id=\"user_email\" class=\"input\" value=\"\" \/>\r\n               <\/p>\r\n      \r\n      <p class=\"register-password\">\r\n         <label for=\"user_password\">Has\u0142o<\/label>\r\n         <input type=\"password\" name=\"user_password\" id=\"user_password\" class=\"input\" \/>\r\n               <\/p>\r\n\r\n      <p class=\"register-confirm-password\">\r\n         <label for=\"user_confirm_password\">Potwierd\u017a has\u0142o<\/label>\r\n         <input type=\"password\" name=\"user_confirm_password\" id=\"user_confirm_password\" class=\"input\" \/>\r\n               <\/p>\r\n\r\n      \r\n            <p class=\"register-postcode\">\r\n         <label for=\"user_postcode\">Kod pocztowy<\/label>\r\n         <input type=\"text\" name=\"user_postcode\" id=\"user_postcode\" class=\"input\" value=\"\" \/>\r\n               <\/p>\r\n\r\n      \r\n      <p class=\"register-accept form-checkbox\">\r\n         <input type=\"checkbox\" name=\"user_accept\" id=\"user_accept\"  \/>\r\n                  <label for=\"user_accept\">Rejestruj\u0105c si\u0119, u\u017cytkownik potwierdza, \u017ce zapozna\u0142 si\u0119 z <a href=\"https:\/\/resilienceframework.co.uk\/pl\/regulamin\/\">Zasady i warunki<\/a><\/label>\r\n               <\/p>\r\n\r\n   <\/div>\r\n\r\n   <p class=\"clearfix\">\r\n      <input type=\"submit\" name=\"register_submit\" value=\"Zarejestruj si\u0119\" class=\"btn\" \/>\r\n   <\/p>\r\n\r\n<\/form>\r\n            <\/li>\r\n\r\n            <li>\r\n                <div>\r\n                    <h2>Wpis go\u015bcinny<\/h2>\r\n                    <p>Wy\u015bwietl struktur\u0119 Resilience bez zapisywania zmian. Zaloguj si\u0119 lub zarejestruj, aby zapisa\u0107 zmiany i powr\u00f3ci\u0107 do swojej \u015bciany.<\/p>\r\n                    <p><a href=\"https:\/\/resilienceframework.co.uk\/pl\/\/wall?cat=53\" class=\"btn\">Wpis go\u015bcinny<\/a><\/p>                <\/div>\r\n            <\/li>\r\n\r\n        <\/ul>\r\n\r\n    <\/div>\r\n\r\n<\/section>","protected":false},"excerpt":{"rendered":"","protected":false},"author":1,"featured_media":0,"parent":0,"menu_order":30,"comment_status":"closed","ping_status":"closed","template":"","meta":{"_acf_changed":false,"footnotes":""},"class_list":["post-464","page","type-page","status-publish","hentry"],"acf":[],"_links":{"self":[{"href":"https:\/\/resilienceframework.co.uk\/pl\/wp-json\/wp\/v2\/pages\/464","targetHints":{"allow":["GET"]}}],"collection":[{"href":"https:\/\/resilienceframework.co.uk\/pl\/wp-json\/wp\/v2\/pages"}],"about":[{"href":"https:\/\/resilienceframework.co.uk\/pl\/wp-json\/wp\/v2\/types\/page"}],"author":[{"embeddable":true,"href":"https:\/\/resilienceframework.co.uk\/pl\/wp-json\/wp\/v2\/users\/1"}],"replies":[{"embeddable":true,"href":"https:\/\/resilienceframework.co.uk\/pl\/wp-json\/wp\/v2\/comments?post=464"}],"version-history":[{"count":0,"href":"https:\/\/resilienceframework.co.uk\/pl\/wp-json\/wp\/v2\/pages\/464\/revisions"}],"wp:attachment":[{"href":"https:\/\/resilienceframework.co.uk\/pl\/wp-json\/wp\/v2\/media?parent=464"}],"curies":[{"name":"wp","href":"https:\/\/api.w.org\/{rel}","templated":true}]}}