{"id":459,"date":"2023-03-03T15:29:40","date_gmt":"2023-03-03T15:29:40","guid":{"rendered":"https:\/\/resiliencefram.wpengine.com\/kontakt\/"},"modified":"2023-10-09T11:34:19","modified_gmt":"2023-10-09T10:34:19","slug":"kontakt","status":"publish","type":"page","link":"https:\/\/resilienceframework.co.uk\/pl\/kontakt\/","title":{"rendered":"Kontakt"},"content":{"rendered":"<section id=\"block-content\">\r\n\r\n    <div class=\"container\">\r\n\r\n        <h1 class=\"has-icon\"><img decoding=\"async\" src=\"https:\/\/resilienceframework.co.uk\/wp-content\/uploads\/2023\/03\/icon-safety.svg\" alt=\"Kontakt\" \/>Kontakt<\/h1>\r\n        <div>\r\n\r\n            <p>Je\u015bli chcesz porozmawia\u0107 z kim\u015b na temat Resilience Framework, skontaktuj si\u0119 z zespo\u0142em RAISE Merseyside Youth Association pod numerem telefonu:<\/p>\n<p>Tel: 0151 702 0700<\/p>\n<p>Lub wy\u015blij wiadomo\u015b\u0107 e-mail na adres <a href=\"mailto:mentalhealthpromotion@mya.org.uk\">mentalhealthpromotion@mya.org.uk <\/a> <\/p>\n<p><a href=\"http:\/\/www.mya.org.uk\/\">www.mya.org.uk<\/a><\/p>\n\r\n        <\/div>\r\n\r\n    <\/div>\r\n\r\n<\/section>","protected":false},"excerpt":{"rendered":"","protected":false},"author":1,"featured_media":0,"parent":0,"menu_order":60,"comment_status":"closed","ping_status":"closed","template":"","meta":{"_acf_changed":false,"footnotes":""},"class_list":["post-459","page","type-page","status-publish","hentry"],"acf":[],"_links":{"self":[{"href":"https:\/\/resilienceframework.co.uk\/pl\/wp-json\/wp\/v2\/pages\/459","targetHints":{"allow":["GET"]}}],"collection":[{"href":"https:\/\/resilienceframework.co.uk\/pl\/wp-json\/wp\/v2\/pages"}],"about":[{"href":"https:\/\/resilienceframework.co.uk\/pl\/wp-json\/wp\/v2\/types\/page"}],"author":[{"embeddable":true,"href":"https:\/\/resilienceframework.co.uk\/pl\/wp-json\/wp\/v2\/users\/1"}],"replies":[{"embeddable":true,"href":"https:\/\/resilienceframework.co.uk\/pl\/wp-json\/wp\/v2\/comments?post=459"}],"version-history":[{"count":0,"href":"https:\/\/resilienceframework.co.uk\/pl\/wp-json\/wp\/v2\/pages\/459\/revisions"}],"wp:attachment":[{"href":"https:\/\/resilienceframework.co.uk\/pl\/wp-json\/wp\/v2\/media?parent=459"}],"curies":[{"name":"wp","href":"https:\/\/api.w.org\/{rel}","templated":true}]}}