{"id":453,"date":"2023-03-03T15:27:17","date_gmt":"2023-03-03T15:27:17","guid":{"rendered":"https:\/\/resiliencefram.wpengine.com\/strona-glowna\/"},"modified":"2023-10-09T11:34:25","modified_gmt":"2023-10-09T10:34:25","slug":"strona-glowna","status":"publish","type":"page","link":"https:\/\/resilienceframework.co.uk\/pl\/","title":{"rendered":"Strona g\u0142\u00f3wna"},"content":{"rendered":"<section id=\"framework-list\">\r\n\r\n    <div class=\"container\">\r\n\r\n        <div class=\"framework-list-intro\"><h1>Czym jest Resilience Framework?<\/h1><p class=\"large\">To narz\u0119dzie ramowe ma na celu pom\u00f3c jednostce, szkole lub rodzinie w przeanalizowaniu w\u0142asnej odporno\u015bci i ustaleniu planu dzia\u0142ania, kt\u00f3ry ma na celu popraw\u0119 poziomu odporno\u015bci poprzez wprowadzenie praktycznych zmian w ich codziennym \u017cyciu.\n\nPoni\u017cej wybierz wersj\u0119 frameworka, kt\u00f3rej chcesz u\u017cy\u0107. Podr\u0119czniki u\u017cytkownika przeprowadz\u0105 Ci\u0119 przez ten proces, je\u015bli dopiero zaczynasz korzysta\u0107 z narz\u0119dzia ramowego. <\/p><\/div><ul><li class=\"colour-1\"><a href=\"https:\/\/resilienceframework.co.uk\/pl\/\/dzieci-i-mlodziez\"><h2>Dzieci i m\u0142odzie\u017c<\/h2><img decoding=\"async\" src=\"https:\/\/resilienceframework.co.uk\/wp-content\/uploads\/2023\/03\/homepage-1-children.svg\" alt=\"Dzieci i m\u0142odzie\u017c\" class=\"icon\" \/><svg xmlns=\"http:\/\/www.w3.org\/2000\/svg\" viewBox=\"0 0 40 40\"><path d=\"m15.93,6.94l-3.22,3.22c-.37.37-.36.96.01,1.32l8.4,8.15c.37.36.38.96,0,1.32l-8.27,8.23c-.37.37-.36.96,0,1.33l3.25,3.15c.36.35.94.35,1.3,0l12.74-12.65c.37-.36.37-.96,0-1.32l-12.92-12.75c-.36-.36-.95-.36-1.31,0Z\"\/><\/svg><\/a><\/li><li class=\"colour-2\"><a href=\"https:\/\/resilienceframework.co.uk\/pl\/\/szkoly\"><h2>Szko\u0142y<\/h2><img decoding=\"async\" src=\"https:\/\/resilienceframework.co.uk\/wp-content\/uploads\/2023\/03\/homepage-2-schools-1.svg\" alt=\"Szko\u0142y\" class=\"icon\" \/><svg xmlns=\"http:\/\/www.w3.org\/2000\/svg\" viewBox=\"0 0 40 40\"><path d=\"m15.93,6.94l-3.22,3.22c-.37.37-.36.96.01,1.32l8.4,8.15c.37.36.38.96,0,1.32l-8.27,8.23c-.37.37-.36.96,0,1.33l3.25,3.15c.36.35.94.35,1.3,0l12.74-12.65c.37-.36.37-.96,0-1.32l-12.92-12.75c-.36-.36-.95-.36-1.31,0Z\"\/><\/svg><\/a><\/li><li class=\"colour-4\"><a href=\"https:\/\/resilienceframework.co.uk\/pl\/\/rodziny\"><h2>Rodziny<\/h2><img decoding=\"async\" src=\"https:\/\/resilienceframework.co.uk\/wp-content\/uploads\/2023\/03\/homepage-3-families.svg\" alt=\"Rodziny\" class=\"icon\" \/><svg xmlns=\"http:\/\/www.w3.org\/2000\/svg\" viewBox=\"0 0 40 40\"><path d=\"m15.93,6.94l-3.22,3.22c-.37.37-.36.96.01,1.32l8.4,8.15c.37.36.38.96,0,1.32l-8.27,8.23c-.37.37-.36.96,0,1.33l3.25,3.15c.36.35.94.35,1.3,0l12.74-12.65c.37-.36.37-.96,0-1.32l-12.92-12.75c-.36-.36-.95-.36-1.31,0Z\"\/><\/svg><\/a><\/li><\/ul>\r\n    <\/div>\r\n    \r\n<\/section>","protected":false},"excerpt":{"rendered":"","protected":false},"author":1,"featured_media":0,"parent":0,"menu_order":0,"comment_status":"closed","ping_status":"closed","template":"","meta":{"_acf_changed":false,"footnotes":""},"class_list":["post-453","page","type-page","status-publish","hentry"],"acf":[],"_links":{"self":[{"href":"https:\/\/resilienceframework.co.uk\/pl\/wp-json\/wp\/v2\/pages\/453","targetHints":{"allow":["GET"]}}],"collection":[{"href":"https:\/\/resilienceframework.co.uk\/pl\/wp-json\/wp\/v2\/pages"}],"about":[{"href":"https:\/\/resilienceframework.co.uk\/pl\/wp-json\/wp\/v2\/types\/page"}],"author":[{"embeddable":true,"href":"https:\/\/resilienceframework.co.uk\/pl\/wp-json\/wp\/v2\/users\/1"}],"replies":[{"embeddable":true,"href":"https:\/\/resilienceframework.co.uk\/pl\/wp-json\/wp\/v2\/comments?post=453"}],"version-history":[{"count":0,"href":"https:\/\/resilienceframework.co.uk\/pl\/wp-json\/wp\/v2\/pages\/453\/revisions"}],"wp:attachment":[{"href":"https:\/\/resilienceframework.co.uk\/pl\/wp-json\/wp\/v2\/media?parent=453"}],"curies":[{"name":"wp","href":"https:\/\/api.w.org\/{rel}","templated":true}]}}