{"id":1779,"date":"2023-11-07T14:03:15","date_gmt":"2023-11-07T14:03:15","guid":{"rendered":"https:\/\/resilienceframework.co.uk\/o-stronie\/rodziny\/dlaczego-odpornosc-jest-wazna-dla-rodzin\/"},"modified":"2023-11-07T16:44:35","modified_gmt":"2023-11-07T16:44:35","slug":"dlaczego-odpornosc-jest-wazna-dla-rodzin","status":"publish","type":"page","link":"https:\/\/resilienceframework.co.uk\/pl\/o-stronie\/rodziny\/dlaczego-odpornosc-jest-wazna-dla-rodzin\/","title":{"rendered":"Dlaczego odporno\u015b\u0107 jest wa\u017cna dla rodzin?"},"content":{"rendered":"<section id=\"block-content\">\r\n\r\n    <div class=\"container\">\r\n\r\n        <h1 class=\"has-icon\"><img decoding=\"async\" src=\"https:\/\/resilienceframework.co.uk\/wp-content\/uploads\/2023\/10\/families.svg\" alt=\"Dlaczego odporno\u015b\u0107 jest wa\u017cna dla rodzin?\" \/>Dlaczego odporno\u015b\u0107 jest wa\u017cna dla rodzin?<\/h1>\r\n        <div>\r\n\r\n            <h4>Rodziny s\u0105 cudownie zr\u00f3\u017cnicowane, z wieloma r\u00f3\u017cnymi zainteresowaniami, potrzebami i umiej\u0119tno\u015bciami. Wszyscy napotykamy trudno\u015bci w pewnym momencie naszego \u017cycia &#8211; za ka\u017cdym razem, gdy uczymy si\u0119 nowych umiej\u0119tno\u015bci, stawiamy czo\u0142a nowej sytuacji, radzimy sobie z konfliktami, do\u015bwiadczamy straty lub rozczarowania.<\/h4>\n<p>Jednak niekt\u00f3re rodziny maj\u0105 wi\u0119cej ni\u017c sprawiedliwy udzia\u0142 w wyzwaniach, czy to z powodu niepe\u0142nosprawno\u015bci, zastraszania, zn\u0119cania si\u0119, ub\u00f3stwa czy tragicznych okoliczno\u015bci. Twoja rodzina mo\u017ce by\u0107 jedn\u0105 z nich. Odporno\u015b\u0107 rodziny jest wa\u017cna, poniewa\u017c<\/p>\n<ul>\n<li style=\"text-align: left;\">Zapewnia ka\u017cdemu podstaw\u0119 do budowania pewno\u015bci siebie<\/li>\n<li style=\"text-align: left;\">Pomaga we wsparciu, dzi\u0119ki czemu ka\u017cdy mo\u017ce pr\u00f3bowa\u0107 nowych rzeczy.<\/li>\n<li style=\"text-align: left;\">Zach\u0119ca do podejmowania wyzwa\u0144 samodzielnie lub wsp\u00f3lnie.<\/li>\n<li style=\"text-align: left;\">Podtrzymuje na duchu, gdy sytuacja staje si\u0119 trudna dla jednej lub wszystkich os\u00f3b.<\/li>\n<li style=\"text-align: left;\">Pomaga radzi\u0107 sobie z niepowodzeniami i frustracj\u0105.<\/li>\n<li style=\"text-align: left;\">Daje si\u0142\u0119, by wsta\u0107 i spr\u00f3bowa\u0107 jeszcze raz.<\/li>\n<li style=\"text-align: left;\">Daje ci &#8222;DLACZEGO&#8221;, aby\u015b nadal d\u0105\u017cy\u0142 do osi\u0105gni\u0119cia cel\u00f3w.<\/li>\n<\/ul>\n<p style=\"text-align: left;\">Ta wersja Resilience Wall Framework zosta\u0142a zaprojektowana, aby pom\u00f3c rodzinom spojrze\u0107 na siebie jako na jednostk\u0119 rodzinn\u0105 przez pryzmat odporno\u015bci. Pracuj\u0105c nad ramami, rodziny mog\u0105 spojrze\u0107 na swoje codzienne, a tak\u017ce d\u0142ugoterminowe perspektywy, aby zobaczy\u0107, co dzia\u0142a dla nich &#8211; buduj\u0105c swoj\u0105 \u015bcian\u0119 odporno\u015bci, ceg\u0142a po cegle.<\/p>\n<p style=\"text-align: left;\">Ramy te mog\u0105 by\u0107 stosowane w po\u0142\u0105czeniu z <a href=\"https:\/\/resilienceframework.co.uk\/pl\/o-stronie\/dzieci-i-mlodziez\/\" target=\"_blank\" rel=\"noopener\">ramami odporno\u015bci dzieci i m\u0142odzie\u017cy<\/a>; indywidualna wsp\u00f3\u0142praca z nimi w celu budowania ich odporno\u015bci lub <a href=\"https:\/\/resilienceframework.co.uk\/pl\/szkoly\/\" target=\"_blank\" rel=\"noopener\">ramy odporno\u015bci szk\u00f3\u0142<\/a>; Praca nad og\u00f3lnoszkolnym podej\u015bciem do odporno\u015bci.<\/p>\n<p><a class=\"btn\" href=\"https:\/\/resilienceframework.co.uk\/pl\/rodziny\/\">Powr\u00f3t<\/a><\/p>\n\r\n        <\/div>\r\n\r\n    <\/div>\r\n\r\n<\/section>","protected":false},"excerpt":{"rendered":"","protected":false},"author":11,"featured_media":0,"parent":1172,"menu_order":0,"comment_status":"closed","ping_status":"closed","template":"","meta":{"_acf_changed":false,"footnotes":""},"class_list":["post-1779","page","type-page","status-publish","hentry"],"acf":[],"_links":{"self":[{"href":"https:\/\/resilienceframework.co.uk\/pl\/wp-json\/wp\/v2\/pages\/1779","targetHints":{"allow":["GET"]}}],"collection":[{"href":"https:\/\/resilienceframework.co.uk\/pl\/wp-json\/wp\/v2\/pages"}],"about":[{"href":"https:\/\/resilienceframework.co.uk\/pl\/wp-json\/wp\/v2\/types\/page"}],"author":[{"embeddable":true,"href":"https:\/\/resilienceframework.co.uk\/pl\/wp-json\/wp\/v2\/users\/11"}],"replies":[{"embeddable":true,"href":"https:\/\/resilienceframework.co.uk\/pl\/wp-json\/wp\/v2\/comments?post=1779"}],"version-history":[{"count":0,"href":"https:\/\/resilienceframework.co.uk\/pl\/wp-json\/wp\/v2\/pages\/1779\/revisions"}],"up":[{"embeddable":true,"href":"https:\/\/resilienceframework.co.uk\/pl\/wp-json\/wp\/v2\/pages\/1172"}],"wp:attachment":[{"href":"https:\/\/resilienceframework.co.uk\/pl\/wp-json\/wp\/v2\/media?parent=1779"}],"curies":[{"name":"wp","href":"https:\/\/api.w.org\/{rel}","templated":true}]}}