{"id":1172,"date":"2023-08-07T14:56:00","date_gmt":"2023-08-07T13:56:00","guid":{"rendered":"https:\/\/resiliencefram.wpengine.com\/o-stronie\/rodziny\/"},"modified":"2023-10-09T11:34:24","modified_gmt":"2023-10-09T10:34:24","slug":"rodziny","status":"publish","type":"page","link":"https:\/\/resilienceframework.co.uk\/pl\/o-stronie\/rodziny\/","title":{"rendered":"Rodziny"},"content":{"rendered":"<section id=\"block-content\">\r\n\r\n    <div class=\"container\">\r\n\r\n        <h1 class=\"has-icon\"><img decoding=\"async\" src=\"https:\/\/resilienceframework.co.uk\/wp-content\/uploads\/2023\/03\/homepage-1-children.svg\" alt=\"Podr\u0119cznik u\u017cytkownika dla rodzin\" \/>Podr\u0119cznik u\u017cytkownika dla rodzin<\/h1>\r\n        <div>\r\n\r\n            <p style=\"text-align: left;\"><strong>Wskaz\u00f3wki dla profesjonalist\u00f3w i os\u00f3b pracuj\u0105cych z rodzinami<\/strong><br \/>\nPracuj\u0105c z rodzin\u0105, celem Resilience Wall Framework jest pomoc im w strategicznym i praktycznym my\u015bleniu o robieniu rzeczy odpornych w ich codziennym \u017cyciu, a tak\u017ce uwzgl\u0119dnienie ka\u017cdej osoby w jednostce rodzinnej.<\/p>\n<p style=\"text-align: left;\"><strong>Zalecamy zapoznanie si\u0119 z ka\u017cd\u0105 z tych sekcji po kolei:<\/strong><\/p>\n<ul>\n<li style=\"text-align: left;\">Pierwszym krokiem jest sp\u0119dzenie czasu z rodzin\u0105 na kr\u00f3tkim przejrzeniu ca\u0142ych ram, aby zapozna\u0107 si\u0119 z kluczowymi sekcjami. W ka\u017cdej sekcji znajduje si\u0119 szereg przyk\u0142ad\u00f3w, pomys\u0142\u00f3w lub sugestii do rozwa\u017cenia.<\/li>\n<li style=\"text-align: left;\">Nie spiesz si\u0119. Rozwa\u017c ustalenie ram czasowych, aby zdecydowa\u0107, ile sesji planujesz odby\u0107 w nadchodz\u0105cych tygodniach\/miesi\u0105cach.<\/li>\n<li style=\"text-align: left;\">Aby i\u015b\u0107 w tempie rodziny. Ramy zosta\u0142y zaprojektowane tak, aby by\u0142y anga\u017cuj\u0105cym dwukierunkowym procesem komunikacji, wi\u0119c ka\u017cda osoba powinna by\u0107 zaanga\u017cowana w ca\u0142y proces. Je\u015bli jest cz\u0142onek rodziny, kt\u00f3ry nie ma g\u0142osu, np. ma\u0142e dziecko, zach\u0119\u0107 wszystkich do zabrania g\u0142osu w rozmowie.<\/li>\n<\/ul>\n<h4><\/h4>\n<h4><b>Jak korzysta\u0107 z Resilience Wall Framework<\/b><\/h4>\n<h4><b>KROKI<\/b><\/h4>\n<p>1. Z narz\u0119dzia mo\u017cna korzysta\u0107 jako go\u015b\u0107 lub zarejestrowa\u0107 si\u0119 i utworzy\u0107 nazw\u0119 u\u017cytkownika oraz has\u0142o.<\/p>\n<p><img loading=\"lazy\" decoding=\"async\" class=\"wp-image-610 size-large aligncenter\" src=\"https:\/\/resilienceframework.co.uk\/wp-content\/uploads\/2023\/09\/polish-whatis-1024x511.png\" sizes=\"auto, (max-width: 1024px) 100vw, 1024px\" srcset=\"https:\/\/resilienceframework.co.uk\/wp-content\/uploads\/2023\/09\/polish-whatis-1024x511.png 1024w, https:\/\/resilienceframework.co.uk\/wp-content\/uploads\/2023\/08\/Screenshot-2023-06-14-110254-300x150.png 300w, https:\/\/resilienceframework.co.uk\/wp-content\/uploads\/2023\/08\/Screenshot-2023-06-14-110254-768x385.png 768w, https:\/\/resilienceframework.co.uk\/wp-content\/uploads\/2023\/08\/Screenshot-2023-06-14-110254.png 1373w\" alt=\"\" width=\"1024\" height=\"513\"><\/p>\n<hr>\n<p>2. Utworzenie nazwy u\u017cytkownika pozwoli ci zapisa\u0107 swoje \u015bciany odporno\u015bci, dodawa\u0107 do nich w przysz\u0142o\u015bci i u\u017cywa\u0107 ich do por\u00f3wnywania post\u0119p\u00f3w i aktualizacji. Je\u015bli korzystasz z narz\u0119dzia jako go\u015b\u0107, nie b\u0119dziesz m\u00f3g\u0142 zapisa\u0107 swoich \u015bcian.<\/p>\n<p><img loading=\"lazy\" decoding=\"async\" class=\"wp-image-616 size-large aligncenter\" src=\"https:\/\/resilienceframework.co.uk\/wp-content\/uploads\/2023\/10\/polish-register-1024x502.png\" sizes=\"auto, (max-width: 1024px) 100vw, 1024px\" srcset=\"https:\/\/resilienceframework.co.uk\/wp-content\/uploads\/2023\/10\/polish-register-1024x502.png 1024w, https:\/\/resilienceframework.co.uk\/wp-content\/uploads\/2023\/08\/rf-login-300x176.jpg 300w, https:\/\/resilienceframework.co.uk\/wp-content\/uploads\/2023\/08\/rf-login-768x449.jpg 768w, https:\/\/resilienceframework.co.uk\/wp-content\/uploads\/2023\/08\/rf-login.jpg 1393w\" alt=\"\" width=\"1024\" height=\"599\"><\/p>\n<hr>\n<p>3. Po zalogowaniu zostaniesz przeniesiony na stron\u0119 Moje \u015bciany. Kliknij przycisk, aby utworzy\u0107 swoj\u0105 \u015bcian\u0119 odporno\u015bci.<\/p>\n<p>&nbsp;<\/p>\n<p><img loading=\"lazy\" decoding=\"async\" class=\"aligncenter wp-image-1278 size-large\" src=\"https:\/\/resilienceframework.co.uk\/wp-content\/uploads\/2023\/10\/polish-walls-1024x248.png\" alt=\"\" width=\"1024\" height=\"398\"><\/p>\n<p>&nbsp;<\/p>\n<p>4. Nast\u0119pnie zostaniesz przeniesiony do Resilience Wall Framework.<\/p>\n<p><img loading=\"lazy\" decoding=\"async\" class=\"wp-image-618 size-large aligncenter\" src=\"https:\/\/resilienceframework.co.uk\/wp-content\/uploads\/2023\/10\/polish-framework-1024x602.png\" sizes=\"auto, (max-width: 1024px) 100vw, 1024px\" srcset=\"https:\/\/resilienceframework.co.uk\/wp-content\/uploads\/2023\/10\/polish-framework-1024x602.png 1024w, https:\/\/resilienceframework.co.uk\/wp-content\/uploads\/2023\/08\/Screenshot-2023-08-03-160817-300x163.png 300w, https:\/\/resilienceframework.co.uk\/wp-content\/uploads\/2023\/08\/Screenshot-2023-08-03-160817-768x418.png 768w, https:\/\/resilienceframework.co.uk\/wp-content\/uploads\/2023\/08\/Screenshot-2023-08-03-160817.png 1352w\" alt=\"\" width=\"1024\" height=\"557\"><\/p>\n<hr>\n<p>5. Z tej strony b\u0119dziesz m\u00f3g\u0142 rozpocz\u0105\u0107 prac\u0119 nad swoj\u0105 \u015bcian\u0105 odporno\u015bci, buduj\u0105c j\u0105 ceg\u0142a po cegle.<\/p>\n<p>Klikni\u0119cie ka\u017cdego pola spowoduje otwarcie nowej strony wy\u015bwietlaj\u0105cej r\u00f3\u017cne elementy tej cz\u0119\u015bci struktury.<\/p>\n<p><img loading=\"lazy\" decoding=\"async\" class=\"alignnone size-large wp-image-995\" src=\"https:\/\/resilienceframework.co.uk\/wp-content\/uploads\/2023\/10\/polish-basics-1024x549.png\" alt=\"\" width=\"1024\" height=\"543\"><\/p>\n<hr>\n<p>6. Wybierz ceg\u0142\u0119, kt\u00f3r\u0105 chcesz przejrze\u0107 i kliknij pole. Ka\u017cd\u0105 sekcj\u0119 mo\u017cna przerabia\u0107 we w\u0142asnym tempie i w dowolnej kolejno\u015bci.<\/p>\n<p>Zobaczysz teraz seri\u0119 sugestii i punkt\u00f3w do rozwa\u017cenia, kt\u00f3re pomog\u0105 ci zweryfikowa\u0107 podej\u015bcie twojej rodziny do odporno\u015bci w odniesieniu do tego konkretnego aspektu \u015bciany.<\/p>\n<p><img loading=\"lazy\" decoding=\"async\" class=\"alignnone size-large wp-image-997\" src=\"https:\/\/resilienceframework.co.uk\/wp-content\/uploads\/2023\/10\/polish-basics-safe-1024x574.png\" alt=\"\" width=\"1024\" height=\"446\"><\/p>\n<hr>\n<p>7. Ta strona mo\u017ce r\u00f3wnie\u017c zawiera\u0107 przydatne linki i zasoby.<\/p>\n<p>Klikaj\u0105c <strong>zak\u0142adk\u0119 not<\/strong>atek, zobaczysz seri\u0119 podpowiedzi zaprojektowanych, aby pom\u00f3c Ci w rejestrowaniu dzia\u0142a\u0144 i krok\u00f3w, kt\u00f3re zamierzasz podj\u0105\u0107 w zwi\u0105zku ze wzmocnieniem odporno\u015bci w tym obszarze.<\/p>\n<p><img loading=\"lazy\" decoding=\"async\" class=\"size-large wp-image-627 aligncenter\" src=\"https:\/\/resilienceframework.co.uk\/wp-content\/uploads\/2023\/10\/polish-notes-1024x563.png\" sizes=\"auto, (max-width: 1024px) 100vw, 1024px\" srcset=\"https:\/\/resilienceframework.co.uk\/wp-content\/uploads\/2023\/10\/polish-notes-1024x563.png 1024w, https:\/\/resilienceframework.co.uk\/wp-content\/uploads\/2023\/08\/Screenshot-2023-06-14-113117-300x187.png 300w, https:\/\/resilienceframework.co.uk\/wp-content\/uploads\/2023\/08\/Screenshot-2023-06-14-113117-768x479.png 768w, https:\/\/resilienceframework.co.uk\/wp-content\/uploads\/2023\/08\/Screenshot-2023-06-14-113117.png 1481w\" alt=\"\" width=\"1024\" height=\"638\"><\/p>\n<p>&nbsp;<\/p>\n<p>Status mo\u017cna okre\u015bli\u0107, klikaj\u0105c odpowiedni przycisk. Wyb\u00f3r zostanie zapisany automatycznie.<\/p>\n<p><img loading=\"lazy\" decoding=\"async\" class=\"size-full wp-image-629 aligncenter\" src=\"https:\/\/resilienceframework.co.uk\/wp-content\/uploads\/2023\/10\/polish-status.png\" sizes=\"auto, (max-width: 396px) 100vw, 396px\" srcset=\"https:\/\/resilienceframework.co.uk\/wp-content\/uploads\/2023\/10\/polish-status.png 396w, https:\/\/resilienceframework.co.uk\/wp-content\/uploads\/2023\/08\/Screenshot-2023-06-14-113406-300x194.png 300w\" alt=\"\" width=\"396\" height=\"256\"><\/p>\n<p>Notatki sporz\u0105dzone w ka\u017cdej sekcji utworz\u0105 og\u00f3lny plan dzia\u0142ania.<\/p>\n<p>Mo\u017cesz pracowa\u0107 nad swoj\u0105 \u015bcian\u0105 odporno\u015bci we w\u0142asnym tempie.  <strong>Dodane notatki zostan\u0105 zapisane automatycznie, ale mo\u017cna do nich wr\u00f3ci\u0107 i je edytowa\u0107.<\/strong><\/p>\n<p>8. Mo\u017cesz powr\u00f3ci\u0107 do swojej \u015bciany odporno\u015bci i kontynuowa\u0107 post\u0119py, klikaj\u0105c zak\u0142adk\u0119<strong>&#8222;Moje \u015bciany&#8221;<\/strong>.<\/p>\n<p>W tej sekcji b\u0119dziesz m\u00f3g\u0142 przegl\u0105da\u0107 swoje \u015bciany.<\/p>\n<p><img loading=\"lazy\" decoding=\"async\" class=\"aligncenter wp-image-1269 size-large\" src=\"https:\/\/resilienceframework.co.uk\/wp-content\/uploads\/2023\/10\/polish-my-walls-1024x541.png\" alt=\"\" width=\"1024\" height=\"234\"><\/p>\n<p>Aby zmieni\u0107 nazw\u0119 \u015bciany, mo\u017cesz klikn\u0105\u0107 ikon\u0119 o\u0142\u00f3wka. Upewnij si\u0119, \u017ce ka\u017cdej \u015bcianie nadasz inn\u0105 nazw\u0119.<\/p>\n<p>Aby kontynuowa\u0107 prac\u0119 lub edytowa\u0107 \u015bcian\u0119, kliknij ikon\u0119 oka lub nazw\u0119 \u015bciany.<\/p>\n<p>Je\u015bli chcesz utworzy\u0107 now\u0105 \u015bcian\u0119, kliknij przycisk, aby rozpocz\u0105\u0107. Zostaniesz poproszony o nadanie nazwy nowej \u015bcianie.<\/p>\n<hr>\n<h4><strong>Pobieranie \u015bciany odporno\u015bci<\/strong><\/h4>\n<p>Twoja \u015bciana odporno\u015bci jest dost\u0119pna online, ale je\u015bli chcesz j\u0105 pobra\u0107 i wydrukowa\u0107 kopi\u0119, po prostu kliknij <strong>&#8222;Pobierz PDF&#8221;<\/strong>, kt\u00f3ry znajdziesz na dole ka\u017cdej strony.<\/p>\n<p>Mo\u017cesz utworzy\u0107 plik PDF z pojedynczymi ceg\u0142ami, wybranymi sekcjami lub ca\u0142\u0105 spr\u0119\u017cyst\u0105 \u015bcian\u0105.<\/p>\n<p>Je\u015bli sporz\u0105dzisz notatki, b\u0119d\u0105 one wy\u015bwietlane tylko w plikach PDF z poszczeg\u00f3lnymi ceg\u0142ami, a nie w sekcjach lub ca\u0142ej \u015bcianie odporno\u015bci.<\/p>\n<p>&nbsp;<\/p>\n\r\n        <\/div>\r\n\r\n    <\/div>\r\n\r\n<\/section>","protected":false},"excerpt":{"rendered":"","protected":false},"author":12,"featured_media":0,"parent":457,"menu_order":0,"comment_status":"closed","ping_status":"closed","template":"","meta":{"_acf_changed":false,"footnotes":""},"class_list":["post-1172","page","type-page","status-publish","hentry"],"acf":[],"_links":{"self":[{"href":"https:\/\/resilienceframework.co.uk\/pl\/wp-json\/wp\/v2\/pages\/1172","targetHints":{"allow":["GET"]}}],"collection":[{"href":"https:\/\/resilienceframework.co.uk\/pl\/wp-json\/wp\/v2\/pages"}],"about":[{"href":"https:\/\/resilienceframework.co.uk\/pl\/wp-json\/wp\/v2\/types\/page"}],"author":[{"embeddable":true,"href":"https:\/\/resilienceframework.co.uk\/pl\/wp-json\/wp\/v2\/users\/12"}],"replies":[{"embeddable":true,"href":"https:\/\/resilienceframework.co.uk\/pl\/wp-json\/wp\/v2\/comments?post=1172"}],"version-history":[{"count":0,"href":"https:\/\/resilienceframework.co.uk\/pl\/wp-json\/wp\/v2\/pages\/1172\/revisions"}],"up":[{"embeddable":true,"href":"https:\/\/resilienceframework.co.uk\/pl\/wp-json\/wp\/v2\/pages\/457"}],"wp:attachment":[{"href":"https:\/\/resilienceframework.co.uk\/pl\/wp-json\/wp\/v2\/media?parent=1172"}],"curies":[{"name":"wp","href":"https:\/\/api.w.org\/{rel}","templated":true}]}}